{"id":1287,"date":"2024-02-13T05:08:19","date_gmt":"2024-02-13T05:08:19","guid":{"rendered":"http:\/\/pranavjournals.com\/finearts\/?page_id=1287"},"modified":"2024-03-04T07:02:34","modified_gmt":"2024-03-04T07:02:34","slug":"special-volume-2-issue-4","status":"publish","type":"page","link":"https:\/\/pranavjournals.com\/finearts\/special-volume-2-issue-4\/","title":{"rendered":"Special Volume 2 \u2013 Issue 4"},"content":{"rendered":"<h2 style=\"text-align: center;\">Jain University<\/h2>\n<p>&nbsp;<\/p>\n<p><a href=\"http:\/\/pranavjournals.com\/finearts\/wp-content\/uploads\/01-THE-ORAL-TRADITION-GIVING-RISE-TO-DIFFERENT-BA\u1e46IS-OR-PRACTICING-TRADITION-OF-BHARATANA\u1e6cYA.pdf\">01 THE ORAL TRADITION GIVING RISE TO DIFFERENT B\u0100\u1e46IS OR PRACTICING TRADITION OF BHARATAN\u0100\u1e6cYA<\/a><\/p>\n<p>Ms Anupama Jayasimha\u00a0 pg : 1- 6<\/p>\n<p><a href=\"http:\/\/pranavjournals.com\/finearts\/wp-content\/uploads\/02-IDENTIFYING-THE-IDENTITY-OF-MEDIEVAL-\u1e6cHAYAS.pdf\">02 IDENTIFYING THE IDENTITY OF MEDIEVAL \u1e6cH\u0100YAS<\/a><\/p>\n<p>Amrithalekshmi V\u00a0 pg : 7- 9<\/p>\n<p><a href=\"http:\/\/pranavjournals.com\/finearts\/wp-content\/uploads\/03-Alaya-N\u1e5btta-and-its-Significance.pdf\">03 \u0100laya N\u1e5btta and its Significance<\/a><\/p>\n<p>Mrs. Anuradha Ramesh\u00a0 pg : 10 \u2013 14<\/p>\n<p><a href=\"http:\/\/pranavjournals.com\/finearts\/wp-content\/uploads\/04-Dance-Configuration-in-the-Telugu-Literature-during-the-Kakatiya-period.pdf\">04 Dance Configuration in the Telugu Literature during the K\u0101kat\u012bya period<\/a><\/p>\n<p>CHUDAMANI D\u00a0 pg :15-19<\/p>\n<p><a href=\"http:\/\/pranavjournals.com\/finearts\/wp-content\/uploads\/05-Notating-Gamakas-Innovations-Advancements-and-Adaptations.pdf\">05 Notating Gamakas Innovations, Advancements, and Adaptations<\/a><\/p>\n<p>Deepashree S M<sup> 1 <\/sup>&amp;\u00a0 Dr. Hamsini Nagendra <sup>2\u00a0 <\/sup>Pg : 20- 28<\/p>\n<p><a href=\"http:\/\/pranavjournals.com\/finearts\/wp-content\/uploads\/06-A-Study-of-ApurvaRagas-of-SriSyamaSastri-with-special-reference-to-Notational-Aspects.pdf\">06 A Study of Ap\u016brvaR\u0101g\u0101s of \u015ar\u012b\u015ay\u0101ma\u015a\u0101str\u012b with special reference to Notational Aspects<\/a><\/p>\n<p>Janaki Garimella <sup>1<\/sup> &amp;\u00a0Dr. Hamsini Nagendra <sup>2<\/sup> pg : 29- 34<\/p>\n<p><a href=\"http:\/\/pranavjournals.com\/finearts\/wp-content\/uploads\/07-Some-insights-into-the-Musicological-reconstruction-of-notations-of-prabandha-s.pdf\">07 Some insights into the Musicological reconstruction of notations of prabandha-s<\/a><\/p>\n<p>K.Srilatha pg : 35- 40<\/p>\n<p><a href=\"http:\/\/pranavjournals.com\/finearts\/wp-content\/uploads\/08-Challenges-in-Notational-Aspects-of-Research-on-Manodharma-Sa\u1e45gita.pdf\">08 Challenges in Notational Aspects of Research on Man\u014ddharma Sa\u1e45g\u012bta<\/a><\/p>\n<p>Karthik Ganesh\u00a0 pg : 41- 49<\/p>\n<p><a href=\"http:\/\/pranavjournals.com\/finearts\/wp-content\/uploads\/09-Temple-Dance-Compositions-of-Tancavur-Mara\u1e6dha-Dynasty.pdf\">09 Temple Dance Compositions of Ta\u00f1c\u0101v\u016br Mar\u0101\u1e6dh\u0101 Dynasty<\/a><\/p>\n<p>Ms Keerthy Unnikrishnan\u00a0 pg : 50- 53<\/p>\n<p><a href=\"http:\/\/pranavjournals.com\/finearts\/wp-content\/uploads\/10-A\u0305\u1e46DA\u0305\u1e36-THE-ETERNAL-NA\u0305YIKA\u0305.pdf\">10 A\u0305\u1e46DA\u0305\u1e36- THE ETERNAL NA\u0305YIKA\u0305<\/a><\/p>\n<p>Krishna Preetha Ravikumar\u00a0\u00a0\u00a0\u00a0 Pg : 54-59<\/p>\n<p><a href=\"http:\/\/pranavjournals.com\/finearts\/wp-content\/uploads\/11-Importance-of-Gitas-in-Learning-Carnatic-Classical-Music.pdf\">11 Importance of G\u012btas in Learning Carnatic Classical Music<\/a><\/p>\n<p>Vid. Malini Ramasubramanya pg : 60- 64<\/p>\n<p><a href=\"http:\/\/pranavjournals.com\/finearts\/wp-content\/uploads\/12-Bhakti-Cult-A-Leverage-to-Temple-Tradition-and-Dance.pdf\">12 Bhakti Cult A Leverage to Temple Tradition and Dance<\/a><\/p>\n<p>Maneesha Ratnakar Joshi\u00a0 pg : 65- 67<\/p>\n<p><a href=\"http:\/\/pranavjournals.com\/finearts\/wp-content\/uploads\/13-A-Study-on-References-to-Na\u1e6dya-as-seen-in-the-Agama-s.pdf\">13 A Study on References to N\u0101\u1e6dya as seen in the \u0100gama-s<\/a><\/p>\n<p>MEERA SRIKANTH pg : 68 \u2013 76<\/p>\n<p><a href=\"http:\/\/pranavjournals.com\/finearts\/wp-content\/uploads\/14-A-Comparative-Study-of-Kanhaiya-da\u1e43gal-and-Hura\u1e43ga-of-Rajasthan.pdf\">14 A Comparative Study of Kanhaiy\u0101 da\u1e43gal and Hura\u1e43g\u0101 of Rajasthan<\/a><\/p>\n<p>Mohit Mehta<sup>1<\/sup> &amp; Dr.\u00a0Pragya\u00a0Pyasi<sup>2<\/sup>\u00a0 \u00a0 \u00a0Pg : 77- 83<\/p>\n<p><a href=\"http:\/\/pranavjournals.com\/finearts\/wp-content\/uploads\/15-A-study-to-develop-a-Methodology-to-Evaluate-and-Assess-the.pdf\">15 A study to develop a Methodology to Evaluate and Assess the Effect of Music on Children with Multiple Disabilities. and Assess the<\/a><\/p>\n<p>Dr N. Meena (Music) and V. Vandana (Clinical Psychologist)<\/p>\n<p>Guide -Dr. R. S. Jayalakshmi\u00a0 pg : 84 \u2013 88<\/p>\n<p><a href=\"http:\/\/pranavjournals.com\/finearts\/wp-content\/uploads\/16-Garu\u1e0dadhvaniin-Var\u1e47a.pdf\">16 Garu\u1e0dadhvaniin Var\u1e47a<\/a><\/p>\n<p>PADMASREE\u00a0 pg : 89- 94<\/p>\n<p><a href=\"http:\/\/pranavjournals.com\/finearts\/wp-content\/uploads\/17-Bhama-Kalapam-The-Seed-of-Bhakti-Cult-in-Kucipu\u1e0di.pdf\">17 Bh\u0101ma Kal\u0101pam The Seed of Bhakti Cult in K\u016bcipu\u1e0di<\/a><\/p>\n<p>Govindu Padmavani<sup>1<\/sup> &amp;\u00a0 Dr.Lalitha Jawahar<sup>2<\/sup>\u00a0\u00a0\u00a0\u00a0 Pg : 95- 99<\/p>\n<p><a href=\"http:\/\/pranavjournals.com\/finearts\/wp-content\/uploads\/18-Non-Ritualistic-Dance-Compositions-Related-to-Karna\u1e6daka-Temples.pdf\">18 Non Ritualistic Dance Compositions Related to Karn\u0101\u1e6daka Temples<\/a><\/p>\n<p>Ms Poornima K Gururaja pg :100-106<\/p>\n<p><a href=\"http:\/\/pranavjournals.com\/finearts\/wp-content\/uploads\/19-Four-Generations-of-Imadadkhani-Gharana-A-Critical-Study-of-Jhala.pdf\">19 Four Generations of Imad\u0101dkh\u0101n\u012b Ghar\u0101n\u0101 A Critical Study of Jh\u0101l\u0101<\/a><\/p>\n<p>Dr. Pragya Pyasi\u00a0 pg : 107-114<\/p>\n<p><a href=\"http:\/\/pranavjournals.com\/finearts\/wp-content\/uploads\/20-Research-at-the-Postgraduate-level-in-1.pdf\">20 Research at the Postgraduate level in\u00a0Off-campus\/Correspondence\/Distance Education courses in Music and Dance in India.<\/a><\/p>\n<p>Dr Priyashri Rao\u00a0 pg\u00a0 : 115-119<\/p>\n<p><a href=\"http:\/\/pranavjournals.com\/finearts\/wp-content\/uploads\/21-THE-FEATURES-OF-THE-RAGA-YADUKULA-KAMBHOJI.pdf\">21 THE FEATURES OF THE R\u0100GA YADUKULA K\u0100MBH\u014cJ\u012aAS SEEN IN THE COMPOSITIONS \u00a0\u00a0\u00a0\u00a0DIV\u0100KARATANUJAM AND K\u0100M\u0100K\u1e62I SVARAJATI.<\/a><\/p>\n<p>RAMYA &amp; DHARTI pg :120-123<\/p>\n<p><a href=\"http:\/\/pranavjournals.com\/finearts\/wp-content\/uploads\/22-Antiquity-of-Dance-from-Vedic-period.pdf\">22 Antiquity of Dance from Vedic period<\/a><\/p>\n<p>Renuka.N<sup>1<\/sup> &amp; Sheela H.K Shridhar<sup>2<\/sup>\u00a0 pg : 124-129<\/p>\n<p><a href=\"http:\/\/pranavjournals.com\/finearts\/wp-content\/uploads\/23-Pandit-Lalan-Piyas-contributions-to-the-musical-forms-of-Kathak.pdf\">23 Pandit Lalan Piya&#8217;s contributions to the musical forms of Kathak<\/a><\/p>\n<p>Varsha kolhatkar<sup>1<\/sup> &amp; Dr. Manjiri Deo<sup>2<\/sup>\u00a0\u00a0 pg : 130-142<\/p>\n","protected":false},"excerpt":{"rendered":"<p>Jain University &nbsp; 01 THE ORAL TRADITION GIVING RISE TO DIFFERENT B\u0100\u1e46IS OR PRACTICING TRADITION OF BHARATAN\u0100\u1e6cYA Ms Anupama Jayasimha\u00a0 pg : 1- 6 02 IDENTIFYING THE IDENTITY OF MEDIEVAL \u1e6cH\u0100YAS Amrithalekshmi V\u00a0 pg : 7- 9 03 \u0100laya N\u1e5btta and its Significance Mrs. Anuradha Ramesh\u00a0 pg : 10 \u2013 14 04 Dance Configuration in [&hellip;]<\/p>\n","protected":false},"author":1,"featured_media":0,"parent":0,"menu_order":0,"comment_status":"closed","ping_status":"closed","template":"","meta":{"footnotes":""},"class_list":["post-1287","page","type-page","status-publish","hentry"],"_links":{"self":[{"href":"https:\/\/pranavjournals.com\/finearts\/wp-json\/wp\/v2\/pages\/1287","targetHints":{"allow":["GET"]}}],"collection":[{"href":"https:\/\/pranavjournals.com\/finearts\/wp-json\/wp\/v2\/pages"}],"about":[{"href":"https:\/\/pranavjournals.com\/finearts\/wp-json\/wp\/v2\/types\/page"}],"author":[{"embeddable":true,"href":"https:\/\/pranavjournals.com\/finearts\/wp-json\/wp\/v2\/users\/1"}],"replies":[{"embeddable":true,"href":"https:\/\/pranavjournals.com\/finearts\/wp-json\/wp\/v2\/comments?post=1287"}],"version-history":[{"count":0,"href":"https:\/\/pranavjournals.com\/finearts\/wp-json\/wp\/v2\/pages\/1287\/revisions"}],"wp:attachment":[{"href":"https:\/\/pranavjournals.com\/finearts\/wp-json\/wp\/v2\/media?parent=1287"}],"curies":[{"name":"wp","href":"https:\/\/api.w.org\/{rel}","templated":true}]}}